{"id":2316,"date":"2025-12-02T22:33:26","date_gmt":"2025-12-03T03:33:26","guid":{"rendered":"https:\/\/mcp.xoj.mybluehost.me\/?page_id=2316"},"modified":"2026-02-13T11:57:03","modified_gmt":"2026-02-13T16:57:03","slug":"legal-terms","status":"publish","type":"page","link":"https:\/\/glowmarcleaning.com\/es\/legal-terms\/","title":{"rendered":"T\u00e9rminos legales"},"content":{"rendered":"<div data-elementor-type=\"wp-page\" data-elementor-id=\"2316\" class=\"elementor elementor-2316\" data-elementor-post-type=\"page\">\n\t\t\t\t<div class=\"elementor-element elementor-element-14af055 e-flex e-con-boxed e-con e-parent\" data-id=\"14af055\" data-element_type=\"container\" data-e-type=\"container\">\n\t\t\t\t\t<div class=\"e-con-inner\">\n\t\t<div class=\"elementor-element elementor-element-c70ee71 e-con-full e-flex e-con e-child\" data-id=\"c70ee71\" data-element_type=\"container\" data-e-type=\"container\">\n\t\t\t\t<div class=\"elementor-element elementor-element-eed1384 elementor-widget elementor-widget-heading\" data-id=\"eed1384\" data-element_type=\"widget\" data-e-type=\"widget\" data-widget_type=\"heading.default\">\n\t\t\t\t<div class=\"elementor-widget-container\">\n\t\t\t\t\t<h1 class=\"elementor-heading-title elementor-size-default\">T\u00e9rminos legales<\/h1>\t\t\t\t<\/div>\n\t\t\t\t<\/div>\n\t\t\t\t<div class=\"elementor-element elementor-element-36851dc elementor-widget elementor-widget-text-editor\" data-id=\"36851dc\" data-element_type=\"widget\" data-e-type=\"widget\" data-widget_type=\"text-editor.default\">\n\t\t\t\t<div class=\"elementor-widget-container\">\n\t\t\t\t\t\t\t\t\t<p data-start=\"399\" data-end=\"427\"><strong data-start=\"399\" data-end=\"416\">\u00daltima actualizaci\u00f3n:<\/strong> 09\/02\/2026<\/p><h3 data-start=\"429\" data-end=\"450\">1. Introducci\u00f3n<\/h3><p data-start=\"451\" data-end=\"652\">Bienvenido a este sitio web (Glowmar Cleaning). Al acceder o utilizar este sitio, usted acepta estos T\u00e9rminos y Condiciones. Si no est\u00e1 de acuerdo con alguna parte de estos t\u00e9rminos, le rogamos que no utilice el sitio.<\/p><h3 data-start=\"654\" data-end=\"681\">2. Uso del sitio web<\/h3><p data-start=\"682\" data-end=\"836\">Usted acepta utilizar este Sitio \u00fanicamente para fines legales y de una manera que no infrinja los derechos de terceros, ni restrinja o inhiba su uso del Sitio.<\/p><h3 data-start=\"838\" data-end=\"868\">3. Propiedad intelectual<\/h3><p data-start=\"869\" data-end=\"1068\">Todo el contenido de este Sitio, incluidos textos, im\u00e1genes, logotipos y dise\u00f1o, es propiedad del propietario del Sitio a menos que se indique lo contrario y est\u00e1 protegido por las leyes de propiedad intelectual y derechos de autor aplicables.<\/p><h3 data-start=\"1070\" data-end=\"1099\">4. Servicios de terceros<\/h3><p data-start=\"1100\" data-end=\"1180\">Este sitio est\u00e1 construido utilizando <strong data-start=\"1125\" data-end=\"1138\">WordPress<\/strong> y podr\u00e1 utilizar servicios de terceros como:<\/p><ul data-start=\"1182\" data-end=\"1349\"><li data-start=\"1182\" data-end=\"1268\"><p data-start=\"1184\" data-end=\"1268\"><strong data-start=\"1184\" data-end=\"1217\">Google Analytics \/ Anuncios de Google<\/strong> para el an\u00e1lisis del tr\u00e1fico y la medici\u00f3n del rendimiento<\/p><\/li><li data-start=\"1269\" data-end=\"1349\"><p data-start=\"1271\" data-end=\"1349\"><strong data-start=\"1271\" data-end=\"1296\">P\u00edxel de Facebook (Meta)<\/strong> para fines de marketing, publicidad y an\u00e1lisis<\/p><\/li><\/ul><p data-start=\"1351\" data-end=\"1545\">Estos terceros pueden recopilar, almacenar y procesar datos de acuerdo con sus propias pol\u00edticas de privacidad. No controlamos ni nos responsabilizamos de las pr\u00e1cticas de estos servicios de terceros.<\/p><h3 data-start=\"1547\" data-end=\"1579\">5. Limitaci\u00f3n de responsabilidad<\/h3><p data-start=\"1580\" data-end=\"1857\">El Sitio se proporciona &quot;tal cual&quot; y &quot;seg\u00fan disponibilidad&quot;. No ofrecemos garant\u00eda alguna sobre la exactitud, fiabilidad ni disponibilidad del Sitio. En la medida m\u00e1xima permitida por la ley, no seremos responsables de ning\u00fan da\u00f1o derivado del uso de este Sitio.<\/p><h3 data-start=\"1859\" data-end=\"1890\">6. Cambios a estos T\u00e9rminos<\/h3><p data-start=\"1891\" data-end=\"2030\">Nos reservamos el derecho de modificar estos T\u00e9rminos y Condiciones en cualquier momento. Cualquier cambio entrar\u00e1 en vigor inmediatamente despu\u00e9s de su publicaci\u00f3n en esta p\u00e1gina.<\/p><h3 data-start=\"2032\" data-end=\"2054\">7. Ley aplicable<\/h3><p data-start=\"2055\" data-end=\"2175\">Estos T\u00e9rminos y Condiciones se regir\u00e1n e interpretar\u00e1n de conformidad con las leyes de la jurisdicci\u00f3n aplicable.<\/p>\t\t\t\t\t\t\t\t<\/div>\n\t\t\t\t<\/div>\n\t\t\t\t<\/div>\n\t\t\t\t\t<\/div>\n\t\t\t\t<\/div>\n\t\t\t\t<\/div>","protected":false},"excerpt":{"rendered":"<p>T\u00e9rminos legales \u00daltima actualizaci\u00f3n: 09\/02\/2026 1. Introducci\u00f3n Bienvenido a este sitio web (Glowmar Cleaning). Al acceder o utilizar este sitio, usted acepta estar sujeto a estos T\u00e9rminos y Condiciones. Si no est\u00e1 de acuerdo con alguna parte de estos t\u00e9rminos, por favor no utilice el sitio. 2. Uso del sitio web Usted acepta utilizar [\u2026]<\/p>","protected":false},"author":1,"featured_media":0,"parent":0,"menu_order":1,"comment_status":"closed","ping_status":"closed","template":"","meta":{"nf_dc_page":"","footnotes":""},"class_list":["post-2316","page","type-page","status-publish","hentry"],"yoast_head":"<!-- This site is optimized with the Yoast SEO Premium plugin v25.8 (Yoast SEO v27.2) - https:\/\/yoast.com\/product\/yoast-seo-premium-wordpress\/ -->\n<title>Legal Terms - Glowmar<\/title>\n<meta name=\"robots\" content=\"noindex, follow\" \/>\n<meta property=\"og:locale\" content=\"es_ES\" \/>\n<meta property=\"og:type\" content=\"article\" \/>\n<meta property=\"og:title\" content=\"Legal Terms\" \/>\n<meta property=\"og:description\" content=\"Legal Terms Last updated: 09\/02\/2026 1. Introduction Welcome to this website (Glowmar Cleaning). By accessing or using this Site, you agree to be bound by these Terms and Conditions. If you do not agree with any part of these terms, please do not use the Site. 2. Use of the Website You agree to use [&hellip;]\" \/>\n<meta property=\"og:url\" content=\"https:\/\/glowmarcleaning.com\/es\/legal-terms\/\" \/>\n<meta property=\"og:site_name\" content=\"Glowmar\" \/>\n<meta property=\"article:modified_time\" content=\"2026-02-13T16:57:03+00:00\" \/>\n<meta name=\"twitter:card\" content=\"summary_large_image\" \/>\n<meta name=\"twitter:label1\" content=\"Tiempo de lectura\" \/>\n\t<meta name=\"twitter:data1\" content=\"2 minutos\" \/>\n<script type=\"application\/ld+json\" class=\"yoast-schema-graph\">{\"@context\":\"https:\/\/schema.org\",\"@graph\":[{\"@type\":\"WebPage\",\"@id\":\"https:\/\/glowmarcleaning.com\/legal-terms\/\",\"url\":\"https:\/\/glowmarcleaning.com\/legal-terms\/\",\"name\":\"Legal Terms - Glowmar\",\"isPartOf\":{\"@id\":\"https:\/\/glowmarcleaning.com\/#website\"},\"datePublished\":\"2025-12-03T03:33:26+00:00\",\"dateModified\":\"2026-02-13T16:57:03+00:00\",\"breadcrumb\":{\"@id\":\"https:\/\/glowmarcleaning.com\/legal-terms\/#breadcrumb\"},\"inLanguage\":\"es\",\"potentialAction\":[{\"@type\":\"ReadAction\",\"target\":[\"https:\/\/glowmarcleaning.com\/legal-terms\/\"]}]},{\"@type\":\"BreadcrumbList\",\"@id\":\"https:\/\/glowmarcleaning.com\/legal-terms\/#breadcrumb\",\"itemListElement\":[{\"@type\":\"ListItem\",\"position\":1,\"name\":\"Portada\",\"item\":\"https:\/\/glowmarcleaning.com\/\"},{\"@type\":\"ListItem\",\"position\":2,\"name\":\"Legal Terms\"}]},{\"@type\":\"WebSite\",\"@id\":\"https:\/\/glowmarcleaning.com\/#website\",\"url\":\"https:\/\/glowmarcleaning.com\/\",\"name\":\"Glowmar\",\"description\":\"\",\"publisher\":{\"@id\":\"https:\/\/glowmarcleaning.com\/#organization\"},\"potentialAction\":[{\"@type\":\"SearchAction\",\"target\":{\"@type\":\"EntryPoint\",\"urlTemplate\":\"https:\/\/glowmarcleaning.com\/?s={search_term_string}\"},\"query-input\":{\"@type\":\"PropertyValueSpecification\",\"valueRequired\":true,\"valueName\":\"search_term_string\"}}],\"inLanguage\":\"es\"},{\"@type\":\"Organization\",\"@id\":\"https:\/\/glowmarcleaning.com\/#organization\",\"name\":\"Glowmar\",\"url\":\"https:\/\/glowmarcleaning.com\/\",\"logo\":{\"@type\":\"ImageObject\",\"inLanguage\":\"es\",\"@id\":\"https:\/\/glowmarcleaning.com\/#\/schema\/logo\/image\/\",\"url\":\"https:\/\/glowmarcleaning.com\/wp-content\/uploads\/2025\/07\/cropped-Capa_1-3-1.png\",\"contentUrl\":\"https:\/\/glowmarcleaning.com\/wp-content\/uploads\/2025\/07\/cropped-Capa_1-3-1.png\",\"width\":203,\"height\":83,\"caption\":\"Glowmar\"},\"image\":{\"@id\":\"https:\/\/glowmarcleaning.com\/#\/schema\/logo\/image\/\"}}]}<\/script>\n<!-- \/ Yoast SEO Premium plugin. -->","yoast_head_json":{"title":"T\u00e9rminos legales - Glowmar","robots":{"index":"noindex","follow":"follow"},"og_locale":"es_ES","og_type":"article","og_title":"Legal Terms","og_description":"Legal Terms Last updated: 09\/02\/2026 1. Introduction Welcome to this website (Glowmar Cleaning). By accessing or using this Site, you agree to be bound by these Terms and Conditions. If you do not agree with any part of these terms, please do not use the Site. 2. Use of the Website You agree to use [&hellip;]","og_url":"https:\/\/glowmarcleaning.com\/es\/legal-terms\/","og_site_name":"Glowmar","article_modified_time":"2026-02-13T16:57:03+00:00","twitter_card":"summary_large_image","twitter_misc":{"Tiempo de lectura":"2 minutos"},"schema":{"@context":"https:\/\/schema.org","@graph":[{"@type":"WebPage","@id":"https:\/\/glowmarcleaning.com\/legal-terms\/","url":"https:\/\/glowmarcleaning.com\/legal-terms\/","name":"T\u00e9rminos legales - Glowmar","isPartOf":{"@id":"https:\/\/glowmarcleaning.com\/#website"},"datePublished":"2025-12-03T03:33:26+00:00","dateModified":"2026-02-13T16:57:03+00:00","breadcrumb":{"@id":"https:\/\/glowmarcleaning.com\/legal-terms\/#breadcrumb"},"inLanguage":"es","potentialAction":[{"@type":"ReadAction","target":["https:\/\/glowmarcleaning.com\/legal-terms\/"]}]},{"@type":"BreadcrumbList","@id":"https:\/\/glowmarcleaning.com\/legal-terms\/#breadcrumb","itemListElement":[{"@type":"ListItem","position":1,"name":"Portada","item":"https:\/\/glowmarcleaning.com\/"},{"@type":"ListItem","position":2,"name":"Legal Terms"}]},{"@type":"WebSite","@id":"https:\/\/glowmarcleaning.com\/#website","url":"https:\/\/glowmarcleaning.com\/","name":"Glowmar","description":"","publisher":{"@id":"https:\/\/glowmarcleaning.com\/#organization"},"potentialAction":[{"@type":"SearchAction","target":{"@type":"EntryPoint","urlTemplate":"https:\/\/glowmarcleaning.com\/?s={search_term_string}"},"query-input":{"@type":"PropertyValueSpecification","valueRequired":true,"valueName":"search_term_string"}}],"inLanguage":"es"},{"@type":"Organization","@id":"https:\/\/glowmarcleaning.com\/#organization","name":"Glowmar","url":"https:\/\/glowmarcleaning.com\/","logo":{"@type":"ImageObject","inLanguage":"es","@id":"https:\/\/glowmarcleaning.com\/#\/schema\/logo\/image\/","url":"https:\/\/glowmarcleaning.com\/wp-content\/uploads\/2025\/07\/cropped-Capa_1-3-1.png","contentUrl":"https:\/\/glowmarcleaning.com\/wp-content\/uploads\/2025\/07\/cropped-Capa_1-3-1.png","width":203,"height":83,"caption":"Glowmar"},"image":{"@id":"https:\/\/glowmarcleaning.com\/#\/schema\/logo\/image\/"}}]}},"_links":{"self":[{"href":"https:\/\/glowmarcleaning.com\/es\/wp-json\/wp\/v2\/pages\/2316","targetHints":{"allow":["GET"]}}],"collection":[{"href":"https:\/\/glowmarcleaning.com\/es\/wp-json\/wp\/v2\/pages"}],"about":[{"href":"https:\/\/glowmarcleaning.com\/es\/wp-json\/wp\/v2\/types\/page"}],"author":[{"embeddable":true,"href":"https:\/\/glowmarcleaning.com\/es\/wp-json\/wp\/v2\/users\/1"}],"replies":[{"embeddable":true,"href":"https:\/\/glowmarcleaning.com\/es\/wp-json\/wp\/v2\/comments?post=2316"}],"version-history":[{"count":19,"href":"https:\/\/glowmarcleaning.com\/es\/wp-json\/wp\/v2\/pages\/2316\/revisions"}],"predecessor-version":[{"id":4063,"href":"https:\/\/glowmarcleaning.com\/es\/wp-json\/wp\/v2\/pages\/2316\/revisions\/4063"}],"wp:attachment":[{"href":"https:\/\/glowmarcleaning.com\/es\/wp-json\/wp\/v2\/media?parent=2316"}],"curies":[{"name":"wp","href":"https:\/\/api.w.org\/{rel}","templated":true}]}}