{"id":3,"date":"2025-04-28T08:26:58","date_gmt":"2025-04-28T13:26:58","guid":{"rendered":"https:\/\/mcp.xoj.mybluehost.me\/?page_id=3"},"modified":"2026-02-12T20:21:48","modified_gmt":"2026-02-13T01:21:48","slug":"data-privacy","status":"publish","type":"page","link":"https:\/\/glowmarcleaning.com\/es\/data-privacy\/","title":{"rendered":"Privacidad de datos"},"content":{"rendered":"<div data-elementor-type=\"wp-page\" data-elementor-id=\"3\" class=\"elementor elementor-3\" data-elementor-post-type=\"page\">\n\t\t\t\t<div class=\"elementor-element elementor-element-241c9ffd e-flex e-con-boxed e-con e-parent\" data-id=\"241c9ffd\" data-element_type=\"container\" data-e-type=\"container\">\n\t\t\t\t\t<div class=\"e-con-inner\">\n\t\t\t\t<div class=\"elementor-element elementor-element-b04c200 elementor-widget elementor-widget-heading\" data-id=\"b04c200\" data-element_type=\"widget\" data-e-type=\"widget\" data-widget_type=\"heading.default\">\n\t\t\t\t<div class=\"elementor-widget-container\">\n\t\t\t\t\t<h2 class=\"elementor-heading-title elementor-size-default\">1. Informaci\u00f3n que recopilamos<\/h2>\t\t\t\t<\/div>\n\t\t\t\t<\/div>\n\t\t\t\t<div class=\"elementor-element elementor-element-7d9976b elementor-widget elementor-widget-text-editor\" data-id=\"7d9976b\" data-element_type=\"widget\" data-e-type=\"widget\" data-widget_type=\"text-editor.default\">\n\t\t\t\t<div class=\"elementor-widget-container\">\n\t\t\t\t\t\t\t\t\t<p>Podemos recopilar la siguiente informaci\u00f3n personal a trav\u00e9s de nuestros formularios de contacto:<br \/>\u2022 Nombre completo<br \/>\u2022 Direcci\u00f3n de correo electr\u00f3nico<br \/>\u2022 N\u00famero de tel\u00e9fono<br \/>\u2022 Nombre de la empresa (si corresponde)<br \/>\u2022 Cualquier mensaje o informaci\u00f3n que usted elija proporcionar<\/p><p>No recopilamos datos confidenciales ni informaci\u00f3n financiera a trav\u00e9s de este sitio web.<\/p>\t\t\t\t\t\t\t\t<\/div>\n\t\t\t\t<\/div>\n\t\t\t\t<div class=\"elementor-element elementor-element-706ff7b elementor-widget elementor-widget-heading\" data-id=\"706ff7b\" data-element_type=\"widget\" data-e-type=\"widget\" data-widget_type=\"heading.default\">\n\t\t\t\t<div class=\"elementor-widget-container\">\n\t\t\t\t\t<h2 class=\"elementor-heading-title elementor-size-default\">2. C\u00f3mo recopilamos su informaci\u00f3n<\/h2>\t\t\t\t<\/div>\n\t\t\t\t<\/div>\n\t\t\t\t<div class=\"elementor-element elementor-element-fc87c68 elementor-widget elementor-widget-text-editor\" data-id=\"fc87c68\" data-element_type=\"widget\" data-e-type=\"widget\" data-widget_type=\"text-editor.default\">\n\t\t\t\t<div class=\"elementor-widget-container\">\n\t\t\t\t\t\t\t\t\t<p>Recopilamos su informaci\u00f3n personal cuando usted:<br \/>\u2022 Rellene un formulario de contacto en nuestro sitio web<br \/>\u2022 Comunicarse voluntariamente con nosotros a trav\u00e9s del sitio web<\/p>\t\t\t\t\t\t\t\t<\/div>\n\t\t\t\t<\/div>\n\t\t\t\t<div class=\"elementor-element elementor-element-ae0d050 elementor-widget elementor-widget-heading\" data-id=\"ae0d050\" data-element_type=\"widget\" data-e-type=\"widget\" data-widget_type=\"heading.default\">\n\t\t\t\t<div class=\"elementor-widget-container\">\n\t\t\t\t\t<h2 class=\"elementor-heading-title elementor-size-default\">3. C\u00f3mo usamos su informaci\u00f3n<\/h2>\t\t\t\t<\/div>\n\t\t\t\t<\/div>\n\t\t\t\t<div class=\"elementor-element elementor-element-9f56053 elementor-widget elementor-widget-text-editor\" data-id=\"9f56053\" data-element_type=\"widget\" data-e-type=\"widget\" data-widget_type=\"text-editor.default\">\n\t\t\t\t<div class=\"elementor-widget-container\">\n\t\t\t\t\t\t\t\t\t<p>Utilizamos su informaci\u00f3n personal \u00fanicamente para los siguientes fines:<br \/>\u2022 Para comunicarnos con usted en respuesta a su consulta<br \/>\u2022 Para proporcionar informaci\u00f3n sobre nuestros servicios<br \/>\u2022 Para gestionar las comunicaciones comerciales relacionadas con su solicitud<br \/>\u2022 Para mejorar nuestros servicios y atenci\u00f3n al cliente<\/p><p>No utilizamos su informaci\u00f3n para la toma de decisiones automatizada ni para la elaboraci\u00f3n de perfiles.<\/p>\t\t\t\t\t\t\t\t<\/div>\n\t\t\t\t<\/div>\n\t\t\t\t<div class=\"elementor-element elementor-element-65b5066 elementor-widget elementor-widget-heading\" data-id=\"65b5066\" data-element_type=\"widget\" data-e-type=\"widget\" data-widget_type=\"heading.default\">\n\t\t\t\t<div class=\"elementor-widget-container\">\n\t\t\t\t\t<h2 class=\"elementor-heading-title elementor-size-default\">4. Base jur\u00eddica del tratamiento<\/h2>\t\t\t\t<\/div>\n\t\t\t\t<\/div>\n\t\t\t\t<div class=\"elementor-element elementor-element-6db0c5e elementor-widget elementor-widget-text-editor\" data-id=\"6db0c5e\" data-element_type=\"widget\" data-e-type=\"widget\" data-widget_type=\"text-editor.default\">\n\t\t\t\t<div class=\"elementor-widget-container\">\n\t\t\t\t\t\t\t\t\t<p>Procesamos su informaci\u00f3n personal en base a su consentimiento, que usted proporciona cuando env\u00eda voluntariamente su informaci\u00f3n a trav\u00e9s de nuestros formularios de contacto.<\/p>\t\t\t\t\t\t\t\t<\/div>\n\t\t\t\t<\/div>\n\t\t\t\t<div class=\"elementor-element elementor-element-9ba03c7 elementor-widget elementor-widget-heading\" data-id=\"9ba03c7\" data-element_type=\"widget\" data-e-type=\"widget\" data-widget_type=\"heading.default\">\n\t\t\t\t<div class=\"elementor-widget-container\">\n\t\t\t\t\t<h2 class=\"elementor-heading-title elementor-size-default\">5. Intercambio de informaci\u00f3n<\/h2>\t\t\t\t<\/div>\n\t\t\t\t<\/div>\n\t\t\t\t<div class=\"elementor-element elementor-element-b5b9f3b elementor-widget elementor-widget-text-editor\" data-id=\"b5b9f3b\" data-element_type=\"widget\" data-e-type=\"widget\" data-widget_type=\"text-editor.default\">\n\t\t\t\t<div class=\"elementor-widget-container\">\n\t\t\t\t\t\t\t\t\t<p>Glowmar Cleaning no vende, alquila ni comparte su informaci\u00f3n personal con terceros con fines comerciales.<\/p><p>Podemos compartir su informaci\u00f3n con proveedores de servicios que nos ayudan a operar nuestro sitio web y sistemas de comunicaci\u00f3n (como proveedores de alojamiento, servicios de correo electr\u00f3nico o herramientas de formulario), sujetos a obligaciones de confidencialidad y solo para los fines descritos en esta pol\u00edtica.<\/p>\t\t\t\t\t\t\t\t<\/div>\n\t\t\t\t<\/div>\n\t\t\t\t<div class=\"elementor-element elementor-element-66fcf0c elementor-widget elementor-widget-heading\" data-id=\"66fcf0c\" data-element_type=\"widget\" data-e-type=\"widget\" data-widget_type=\"heading.default\">\n\t\t\t\t<div class=\"elementor-widget-container\">\n\t\t\t\t\t<h2 class=\"elementor-heading-title elementor-size-default\">6. Sus derechos de privacidad (California \u2013 CCPA\/CPRA)<\/h2>\t\t\t\t<\/div>\n\t\t\t\t<\/div>\n\t\t\t\t<div class=\"elementor-element elementor-element-241fb4c elementor-widget elementor-widget-text-editor\" data-id=\"241fb4c\" data-element_type=\"widget\" data-e-type=\"widget\" data-widget_type=\"text-editor.default\">\n\t\t\t\t<div class=\"elementor-widget-container\">\n\t\t\t\t\t\t\t\t\t<p>Si usted es residente de California, tiene derecho a:<br \/>\u2022 Solicitar saber qu\u00e9 informaci\u00f3n personal recopilamos sobre usted<br \/>\u2022 Solicitar la eliminaci\u00f3n de su informaci\u00f3n personal<br \/>\u2022 Solicitar la correcci\u00f3n de informaci\u00f3n personal inexacta<br \/>\u2022 Solicitar limitar el uso de su informaci\u00f3n personal<br \/>\u2022 No ser discriminado por ejercer sus derechos de privacidad<\/p><p>Para ejercer cualquiera de estos derechos, cont\u00e1ctenos en:<\/p><p>Correo electr\u00f3nico: info@glowmarcleaning.com<\/p>\t\t\t\t\t\t\t\t<\/div>\n\t\t\t\t<\/div>\n\t\t\t\t<div class=\"elementor-element elementor-element-ea20e3c elementor-widget elementor-widget-heading\" data-id=\"ea20e3c\" data-element_type=\"widget\" data-e-type=\"widget\" data-widget_type=\"heading.default\">\n\t\t\t\t<div class=\"elementor-widget-container\">\n\t\t\t\t\t<h2 class=\"elementor-heading-title elementor-size-default\">\n7. Retenci\u00f3n de datos<\/h2>\t\t\t\t<\/div>\n\t\t\t\t<\/div>\n\t\t\t\t<div class=\"elementor-element elementor-element-c4fcf7b elementor-widget elementor-widget-text-editor\" data-id=\"c4fcf7b\" data-element_type=\"widget\" data-e-type=\"widget\" data-widget_type=\"text-editor.default\">\n\t\t\t\t<div class=\"elementor-widget-container\">\n\t\t\t\t\t\t\t\t\t<p>Conservamos su informaci\u00f3n personal solo durante el tiempo que sea necesario para cumplir con los fines descritos en esta Pol\u00edtica de Privacidad o mientras exista una comunicaci\u00f3n o relaci\u00f3n comercial activa.<\/p>\t\t\t\t\t\t\t\t<\/div>\n\t\t\t\t<\/div>\n\t\t\t\t<div class=\"elementor-element elementor-element-6cf40c3 elementor-widget elementor-widget-heading\" data-id=\"6cf40c3\" data-element_type=\"widget\" data-e-type=\"widget\" data-widget_type=\"heading.default\">\n\t\t\t\t<div class=\"elementor-widget-container\">\n\t\t\t\t\t<h2 class=\"elementor-heading-title elementor-size-default\">8. Seguridad de los datos<\/h2>\t\t\t\t<\/div>\n\t\t\t\t<\/div>\n\t\t\t\t<div class=\"elementor-element elementor-element-4c01105 elementor-widget elementor-widget-text-editor\" data-id=\"4c01105\" data-element_type=\"widget\" data-e-type=\"widget\" data-widget_type=\"text-editor.default\">\n\t\t\t\t<div class=\"elementor-widget-container\">\n\t\t\t\t\t\t\t\t\t<p>Implementamos medidas de seguridad administrativas, t\u00e9cnicas y organizativas razonables para proteger su informaci\u00f3n personal contra acceso no autorizado, p\u00e9rdida, mal uso o divulgaci\u00f3n.<\/p><p>Sin embargo, ning\u00fan m\u00e9todo de transmisi\u00f3n o almacenamiento es completamente seguro.<\/p>\t\t\t\t\t\t\t\t<\/div>\n\t\t\t\t<\/div>\n\t\t\t\t<div class=\"elementor-element elementor-element-1b8d270 elementor-widget elementor-widget-heading\" data-id=\"1b8d270\" data-element_type=\"widget\" data-e-type=\"widget\" data-widget_type=\"heading.default\">\n\t\t\t\t<div class=\"elementor-widget-container\">\n\t\t\t\t\t<h2 class=\"elementor-heading-title elementor-size-default\">9. Privacidad de los ni\u00f1os<\/h2>\t\t\t\t<\/div>\n\t\t\t\t<\/div>\n\t\t\t\t<div class=\"elementor-element elementor-element-84650eb elementor-widget elementor-widget-text-editor\" data-id=\"84650eb\" data-element_type=\"widget\" data-e-type=\"widget\" data-widget_type=\"text-editor.default\">\n\t\t\t\t<div class=\"elementor-widget-container\">\n\t\t\t\t\t\t\t\t\t<p>Nuestros servicios no est\u00e1n destinados a ni\u00f1os menores de 13 a\u00f1os.<br \/>Glowmar Cleaning no recopila intencionalmente informaci\u00f3n personal de ni\u00f1os.<\/p>\t\t\t\t\t\t\t\t<\/div>\n\t\t\t\t<\/div>\n\t\t\t\t<div class=\"elementor-element elementor-element-b1fdd32 elementor-widget elementor-widget-heading\" data-id=\"b1fdd32\" data-element_type=\"widget\" data-e-type=\"widget\" data-widget_type=\"heading.default\">\n\t\t\t\t<div class=\"elementor-widget-container\">\n\t\t\t\t\t<h2 class=\"elementor-heading-title elementor-size-default\">10. Cookies y tecnolog\u00edas similares\n<\/h2>\t\t\t\t<\/div>\n\t\t\t\t<\/div>\n\t\t\t\t<div class=\"elementor-element elementor-element-00499db elementor-widget elementor-widget-text-editor\" data-id=\"00499db\" data-element_type=\"widget\" data-e-type=\"widget\" data-widget_type=\"text-editor.default\">\n\t\t\t\t<div class=\"elementor-widget-container\">\n\t\t\t\t\t\t\t\t\t<p>Nuestro sitio web puede utilizar cookies o tecnolog\u00edas similares para mejorar la experiencia del usuario y analizar el uso del sitio web.<\/p><p>Puede configurar su navegador para rechazar o eliminar las cookies en cualquier momento.<\/p>\t\t\t\t\t\t\t\t<\/div>\n\t\t\t\t<\/div>\n\t\t\t\t<div class=\"elementor-element elementor-element-0f7890a elementor-widget elementor-widget-heading\" data-id=\"0f7890a\" data-element_type=\"widget\" data-e-type=\"widget\" data-widget_type=\"heading.default\">\n\t\t\t\t<div class=\"elementor-widget-container\">\n\t\t\t\t\t<h2 class=\"elementor-heading-title elementor-size-default\">11. Enlaces de terceros<\/h2>\t\t\t\t<\/div>\n\t\t\t\t<\/div>\n\t\t\t\t<div class=\"elementor-element elementor-element-935d26f elementor-widget elementor-widget-text-editor\" data-id=\"935d26f\" data-element_type=\"widget\" data-e-type=\"widget\" data-widget_type=\"text-editor.default\">\n\t\t\t\t<div class=\"elementor-widget-container\">\n\t\t\t\t\t\t\t\t\t<p>Nuestro sitio web puede contener enlaces a sitios web de terceros.<br \/>Glowmar Cleaning no es responsable de las pr\u00e1cticas de privacidad de esos sitios web.<\/p>\t\t\t\t\t\t\t\t<\/div>\n\t\t\t\t<\/div>\n\t\t\t\t<div class=\"elementor-element elementor-element-11fc641 elementor-widget elementor-widget-heading\" data-id=\"11fc641\" data-element_type=\"widget\" data-e-type=\"widget\" data-widget_type=\"heading.default\">\n\t\t\t\t<div class=\"elementor-widget-container\">\n\t\t\t\t\t<h2 class=\"elementor-heading-title elementor-size-default\">12. Cambios a esta Pol\u00edtica de Privacidad<\/h2>\t\t\t\t<\/div>\n\t\t\t\t<\/div>\n\t\t\t\t<div class=\"elementor-element elementor-element-b6ce14d elementor-widget elementor-widget-text-editor\" data-id=\"b6ce14d\" data-element_type=\"widget\" data-e-type=\"widget\" data-widget_type=\"text-editor.default\">\n\t\t\t\t<div class=\"elementor-widget-container\">\n\t\t\t\t\t\t\t\t\t<p>Glowmar Cleaning puede actualizar esta Pol\u00edtica de privacidad de vez en cuando.<br \/>Cualquier cambio se publicar\u00e1 en esta p\u00e1gina con una fecha de revisi\u00f3n actualizada.<\/p>\t\t\t\t\t\t\t\t<\/div>\n\t\t\t\t<\/div>\n\t\t\t\t<div class=\"elementor-element elementor-element-254ad8f elementor-widget elementor-widget-heading\" data-id=\"254ad8f\" data-element_type=\"widget\" data-e-type=\"widget\" data-widget_type=\"heading.default\">\n\t\t\t\t<div class=\"elementor-widget-container\">\n\t\t\t\t\t<h2 class=\"elementor-heading-title elementor-size-default\">13. Informaci\u00f3n de contacto<\/h2>\t\t\t\t<\/div>\n\t\t\t\t<\/div>\n\t\t\t\t<div class=\"elementor-element elementor-element-f952307 elementor-widget elementor-widget-text-editor\" data-id=\"f952307\" data-element_type=\"widget\" data-e-type=\"widget\" data-widget_type=\"text-editor.default\">\n\t\t\t\t<div class=\"elementor-widget-container\">\n\t\t\t\t\t\t\t\t\t<p>Si tiene alguna pregunta sobre esta Pol\u00edtica de privacidad o c\u00f3mo se maneja su informaci\u00f3n personal, cont\u00e1ctenos a:<\/p><p>Limpieza Glowmar<br \/>Correo electr\u00f3nico: info@glowmarcleaning.com<br \/>Sitio web: https:\/\/glowmarcleaning.com<\/p>\t\t\t\t\t\t\t\t<\/div>\n\t\t\t\t<\/div>\n\t\t\t\t\t<\/div>\n\t\t\t\t<\/div>\n\t\t\t\t<\/div>","protected":false},"excerpt":{"rendered":"<p>1. Informaci\u00f3n que recopilamos Podemos recopilar la siguiente informaci\u00f3n personal a trav\u00e9s de nuestros formularios de contacto: \u2022 Nombre completo \u2022 Correo electr\u00f3nico \u2022 N\u00famero de tel\u00e9fono \u2022 Nombre de la empresa (si corresponde) \u2022 Cualquier mensaje o informaci\u00f3n que elija proporcionar No recopilamos datos confidenciales ni informaci\u00f3n financiera a trav\u00e9s de este sitio web. 2. C\u00f3mo recopilamos su informaci\u00f3n Recopilamos su informaci\u00f3n personal [\u2026]<\/p>","protected":false},"author":1,"featured_media":0,"parent":0,"menu_order":0,"comment_status":"closed","ping_status":"closed","template":"","meta":{"nf_dc_page":"","footnotes":""},"class_list":["post-3","page","type-page","status-publish","hentry"],"yoast_head":"<!-- This site is optimized with the Yoast SEO Premium plugin v25.8 (Yoast SEO v27.2) - https:\/\/yoast.com\/product\/yoast-seo-premium-wordpress\/ -->\n<title>Data privacy - Glowmar<\/title>\n<meta name=\"robots\" content=\"noindex, follow\" \/>\n<meta property=\"og:locale\" content=\"es_ES\" \/>\n<meta property=\"og:type\" content=\"article\" \/>\n<meta property=\"og:title\" content=\"Data privacy\" \/>\n<meta property=\"og:description\" content=\"1. Information we collect We may collect the following personal information through our contact forms:\u2022 Full name\u2022 Email address\u2022 Phone number\u2022 Company name (if applicable)\u2022 Any message or information you choose to provide We do not collect sensitive data or financial information through this website. 2. How we collect your information We collect your personal [&hellip;]\" \/>\n<meta property=\"og:url\" content=\"https:\/\/glowmarcleaning.com\/es\/data-privacy\/\" \/>\n<meta property=\"og:site_name\" content=\"Glowmar\" \/>\n<meta property=\"article:modified_time\" content=\"2026-02-13T01:21:48+00:00\" \/>\n<meta name=\"twitter:card\" content=\"summary_large_image\" \/>\n<meta name=\"twitter:label1\" content=\"Tiempo de lectura\" \/>\n\t<meta name=\"twitter:data1\" content=\"3 minutos\" \/>\n<script type=\"application\/ld+json\" class=\"yoast-schema-graph\">{\"@context\":\"https:\/\/schema.org\",\"@graph\":[{\"@type\":\"WebPage\",\"@id\":\"https:\/\/glowmarcleaning.com\/data-privacy\/\",\"url\":\"https:\/\/glowmarcleaning.com\/data-privacy\/\",\"name\":\"Data privacy - Glowmar\",\"isPartOf\":{\"@id\":\"https:\/\/glowmarcleaning.com\/#website\"},\"datePublished\":\"2025-04-28T13:26:58+00:00\",\"dateModified\":\"2026-02-13T01:21:48+00:00\",\"breadcrumb\":{\"@id\":\"https:\/\/glowmarcleaning.com\/data-privacy\/#breadcrumb\"},\"inLanguage\":\"es\",\"potentialAction\":[{\"@type\":\"ReadAction\",\"target\":[\"https:\/\/glowmarcleaning.com\/data-privacy\/\"]}]},{\"@type\":\"BreadcrumbList\",\"@id\":\"https:\/\/glowmarcleaning.com\/data-privacy\/#breadcrumb\",\"itemListElement\":[{\"@type\":\"ListItem\",\"position\":1,\"name\":\"Portada\",\"item\":\"https:\/\/glowmarcleaning.com\/\"},{\"@type\":\"ListItem\",\"position\":2,\"name\":\"Data privacy\"}]},{\"@type\":\"WebSite\",\"@id\":\"https:\/\/glowmarcleaning.com\/#website\",\"url\":\"https:\/\/glowmarcleaning.com\/\",\"name\":\"Glowmar\",\"description\":\"\",\"publisher\":{\"@id\":\"https:\/\/glowmarcleaning.com\/#organization\"},\"potentialAction\":[{\"@type\":\"SearchAction\",\"target\":{\"@type\":\"EntryPoint\",\"urlTemplate\":\"https:\/\/glowmarcleaning.com\/?s={search_term_string}\"},\"query-input\":{\"@type\":\"PropertyValueSpecification\",\"valueRequired\":true,\"valueName\":\"search_term_string\"}}],\"inLanguage\":\"es\"},{\"@type\":\"Organization\",\"@id\":\"https:\/\/glowmarcleaning.com\/#organization\",\"name\":\"Glowmar\",\"url\":\"https:\/\/glowmarcleaning.com\/\",\"logo\":{\"@type\":\"ImageObject\",\"inLanguage\":\"es\",\"@id\":\"https:\/\/glowmarcleaning.com\/#\/schema\/logo\/image\/\",\"url\":\"https:\/\/glowmarcleaning.com\/wp-content\/uploads\/2025\/07\/cropped-Capa_1-3-1.png\",\"contentUrl\":\"https:\/\/glowmarcleaning.com\/wp-content\/uploads\/2025\/07\/cropped-Capa_1-3-1.png\",\"width\":203,\"height\":83,\"caption\":\"Glowmar\"},\"image\":{\"@id\":\"https:\/\/glowmarcleaning.com\/#\/schema\/logo\/image\/\"}}]}<\/script>\n<!-- \/ Yoast SEO Premium plugin. -->","yoast_head_json":{"title":"Privacidad de datos - Glowmar","robots":{"index":"noindex","follow":"follow"},"og_locale":"es_ES","og_type":"article","og_title":"Data privacy","og_description":"1. Information we collect We may collect the following personal information through our contact forms:\u2022 Full name\u2022 Email address\u2022 Phone number\u2022 Company name (if applicable)\u2022 Any message or information you choose to provide We do not collect sensitive data or financial information through this website. 2. How we collect your information We collect your personal [&hellip;]","og_url":"https:\/\/glowmarcleaning.com\/es\/data-privacy\/","og_site_name":"Glowmar","article_modified_time":"2026-02-13T01:21:48+00:00","twitter_card":"summary_large_image","twitter_misc":{"Tiempo de lectura":"3 minutos"},"schema":{"@context":"https:\/\/schema.org","@graph":[{"@type":"WebPage","@id":"https:\/\/glowmarcleaning.com\/data-privacy\/","url":"https:\/\/glowmarcleaning.com\/data-privacy\/","name":"Privacidad de datos - Glowmar","isPartOf":{"@id":"https:\/\/glowmarcleaning.com\/#website"},"datePublished":"2025-04-28T13:26:58+00:00","dateModified":"2026-02-13T01:21:48+00:00","breadcrumb":{"@id":"https:\/\/glowmarcleaning.com\/data-privacy\/#breadcrumb"},"inLanguage":"es","potentialAction":[{"@type":"ReadAction","target":["https:\/\/glowmarcleaning.com\/data-privacy\/"]}]},{"@type":"BreadcrumbList","@id":"https:\/\/glowmarcleaning.com\/data-privacy\/#breadcrumb","itemListElement":[{"@type":"ListItem","position":1,"name":"Portada","item":"https:\/\/glowmarcleaning.com\/"},{"@type":"ListItem","position":2,"name":"Data privacy"}]},{"@type":"WebSite","@id":"https:\/\/glowmarcleaning.com\/#website","url":"https:\/\/glowmarcleaning.com\/","name":"Glowmar","description":"","publisher":{"@id":"https:\/\/glowmarcleaning.com\/#organization"},"potentialAction":[{"@type":"SearchAction","target":{"@type":"EntryPoint","urlTemplate":"https:\/\/glowmarcleaning.com\/?s={search_term_string}"},"query-input":{"@type":"PropertyValueSpecification","valueRequired":true,"valueName":"search_term_string"}}],"inLanguage":"es"},{"@type":"Organization","@id":"https:\/\/glowmarcleaning.com\/#organization","name":"Glowmar","url":"https:\/\/glowmarcleaning.com\/","logo":{"@type":"ImageObject","inLanguage":"es","@id":"https:\/\/glowmarcleaning.com\/#\/schema\/logo\/image\/","url":"https:\/\/glowmarcleaning.com\/wp-content\/uploads\/2025\/07\/cropped-Capa_1-3-1.png","contentUrl":"https:\/\/glowmarcleaning.com\/wp-content\/uploads\/2025\/07\/cropped-Capa_1-3-1.png","width":203,"height":83,"caption":"Glowmar"},"image":{"@id":"https:\/\/glowmarcleaning.com\/#\/schema\/logo\/image\/"}}]}},"_links":{"self":[{"href":"https:\/\/glowmarcleaning.com\/es\/wp-json\/wp\/v2\/pages\/3","targetHints":{"allow":["GET"]}}],"collection":[{"href":"https:\/\/glowmarcleaning.com\/es\/wp-json\/wp\/v2\/pages"}],"about":[{"href":"https:\/\/glowmarcleaning.com\/es\/wp-json\/wp\/v2\/types\/page"}],"author":[{"embeddable":true,"href":"https:\/\/glowmarcleaning.com\/es\/wp-json\/wp\/v2\/users\/1"}],"replies":[{"embeddable":true,"href":"https:\/\/glowmarcleaning.com\/es\/wp-json\/wp\/v2\/comments?post=3"}],"version-history":[{"count":22,"href":"https:\/\/glowmarcleaning.com\/es\/wp-json\/wp\/v2\/pages\/3\/revisions"}],"predecessor-version":[{"id":3858,"href":"https:\/\/glowmarcleaning.com\/es\/wp-json\/wp\/v2\/pages\/3\/revisions\/3858"}],"wp:attachment":[{"href":"https:\/\/glowmarcleaning.com\/es\/wp-json\/wp\/v2\/media?parent=3"}],"curies":[{"name":"wp","href":"https:\/\/api.w.org\/{rel}","templated":true}]}}